{"id":298,"date":"2020-09-30T03:04:47","date_gmt":"2020-09-30T03:04:47","guid":{"rendered":"http:\/\/riihiklapi.com\/?page_id=298"},"modified":"2024-06-27T08:26:08","modified_gmt":"2024-06-27T08:26:08","slug":"hinnasto","status":"publish","type":"page","link":"https:\/\/riihiklapi.com\/?page_id=298","title":{"rendered":"Hinnasto"},"content":{"rendered":"\n<div class=\"wp-block-cover alignfull is-light\" style=\"min-height:450px\"><span aria-hidden=\"true\" class=\"wp-block-cover__background has-background-dim\"><\/span><img decoding=\"async\" loading=\"lazy\" width=\"2560\" height=\"1920\" class=\"wp-block-cover__image-background wp-image-809\" alt=\"\" src=\"https:\/\/riihiklapi.com\/wp-content\/uploads\/2022\/10\/20220416_182439-2-scaled.jpg\" data-object-fit=\"cover\" srcset=\"https:\/\/riihiklapi.com\/wp-content\/uploads\/2022\/10\/20220416_182439-2-scaled.jpg 2560w, https:\/\/riihiklapi.com\/wp-content\/uploads\/2022\/10\/20220416_182439-2-300x225.jpg 300w, https:\/\/riihiklapi.com\/wp-content\/uploads\/2022\/10\/20220416_182439-2-1024x768.jpg 1024w, https:\/\/riihiklapi.com\/wp-content\/uploads\/2022\/10\/20220416_182439-2-768x576.jpg 768w, https:\/\/riihiklapi.com\/wp-content\/uploads\/2022\/10\/20220416_182439-2-1536x1152.jpg 1536w, https:\/\/riihiklapi.com\/wp-content\/uploads\/2022\/10\/20220416_182439-2-2048x1536.jpg 2048w\" sizes=\"(max-width: 2560px) 100vw, 2560px\" \/><div class=\"wp-block-cover__inner-container\">\n<h1 class=\"wp-block-heading has-text-align-center has-white-color has-text-color\">Hinnasto<\/h1>\n\n\n\n<p class=\"has-text-align-center has-text-color\" style=\"color:#dbddee\"><\/p>\n<\/div><\/div>\n\n\n\n<h4 class=\"wp-block-heading\">Polttopuu<\/h4>\n\n\n\n<ul>\n<li>Kaikki polttopuut loppuunmyyty kes\u00e4n 2024 osalta.<\/li>\n<\/ul>\n\n\n\n<h4 class=\"wp-block-heading\">Toimituskulut<\/h4>\n\n\n\n<ul>\n<li>Toimitus Riihim\u00e4en kunnan alueelle 25\u20ac<\/li>\n\n\n\n<li>Toimitukset muualle erikseen sovittuna.<\/li>\n\n\n\n<li>Polttopuiden kuljetus hoidetaan alla n\u00e4kyv\u00e4ll\u00e4 per\u00e4k\u00e4rryll\u00e4. <\/li>\n<\/ul>\n\n\n\n<div class=\"wp-block-columns is-layout-flex wp-container-2\">\n<div class=\"wp-block-column is-layout-flow\"><div class=\"wp-block-image\">\n<figure class=\"aligncenter size-large is-resized\"><img decoding=\"async\" loading=\"lazy\" src=\"https:\/\/riihiklapi.com\/wp-content\/uploads\/2022\/10\/WhatsApp-Image-2022-10-03-at-11.32.12-1024x768.jpeg\" alt=\"\" class=\"wp-image-805\" width=\"635\" height=\"477\" srcset=\"https:\/\/riihiklapi.com\/wp-content\/uploads\/2022\/10\/WhatsApp-Image-2022-10-03-at-11.32.12-1024x768.jpeg 1024w, https:\/\/riihiklapi.com\/wp-content\/uploads\/2022\/10\/WhatsApp-Image-2022-10-03-at-11.32.12-300x225.jpeg 300w, https:\/\/riihiklapi.com\/wp-content\/uploads\/2022\/10\/WhatsApp-Image-2022-10-03-at-11.32.12-768x576.jpeg 768w, https:\/\/riihiklapi.com\/wp-content\/uploads\/2022\/10\/WhatsApp-Image-2022-10-03-at-11.32.12-1536x1152.jpeg 1536w, https:\/\/riihiklapi.com\/wp-content\/uploads\/2022\/10\/WhatsApp-Image-2022-10-03-at-11.32.12.jpeg 2048w\" sizes=\"(max-width: 635px) 100vw, 635px\" \/><figcaption class=\"wp-element-caption\">T\u00e4ysi 6m\u00b3 kuorma<\/figcaption><\/figure><\/div><\/div>\n<\/div>\n\n\n\n<p><\/p>\n\n\n\n<figure class=\"wp-block-gallery aligncenter has-nested-images columns-default is-cropped wp-block-gallery-3 is-layout-flex\"><\/figure>\n\n\n\n<pre class=\"wp-block-preformatted\"><\/pre>\n","protected":false},"excerpt":{"rendered":"<p>Polttopuu Toimituskulut<\/p>\n","protected":false},"author":1,"featured_media":0,"parent":0,"menu_order":0,"comment_status":"closed","ping_status":"closed","template":"","meta":{"om_disable_all_campaigns":false,"_mi_skip_tracking":false,"_monsterinsights_sitenote_active":false,"_monsterinsights_sitenote_note":"","_monsterinsights_sitenote_category":0},"aioseo_notices":[],"_links":{"self":[{"href":"https:\/\/riihiklapi.com\/index.php?rest_route=\/wp\/v2\/pages\/298"}],"collection":[{"href":"https:\/\/riihiklapi.com\/index.php?rest_route=\/wp\/v2\/pages"}],"about":[{"href":"https:\/\/riihiklapi.com\/index.php?rest_route=\/wp\/v2\/types\/page"}],"author":[{"embeddable":true,"href":"https:\/\/riihiklapi.com\/index.php?rest_route=\/wp\/v2\/users\/1"}],"replies":[{"embeddable":true,"href":"https:\/\/riihiklapi.com\/index.php?rest_route=%2Fwp%2Fv2%2Fcomments&post=298"}],"version-history":[{"count":62,"href":"https:\/\/riihiklapi.com\/index.php?rest_route=\/wp\/v2\/pages\/298\/revisions"}],"predecessor-version":[{"id":880,"href":"https:\/\/riihiklapi.com\/index.php?rest_route=\/wp\/v2\/pages\/298\/revisions\/880"}],"wp:attachment":[{"href":"https:\/\/riihiklapi.com\/index.php?rest_route=%2Fwp%2Fv2%2Fmedia&parent=298"}],"curies":[{"name":"wp","href":"https:\/\/api.w.org\/{rel}","templated":true}]}}